{"id":10086,"date":"2020-09-18T08:43:48","date_gmt":"2020-09-18T08:43:48","guid":{"rendered":"https:\/\/saudi-stainless-drains.com\/sa\/?page_id=10086"},"modified":"2025-05-26T19:05:03","modified_gmt":"2025-05-26T19:05:03","slug":"about-us","status":"publish","type":"page","link":"https:\/\/saudi-stainless-drains.com\/sa\/about-us\/","title":{"rendered":"About us"},"content":{"rendered":"\t\t<div data-elementor-type=\"wp-page\" data-elementor-id=\"10086\" class=\"elementor elementor-10086\" data-elementor-post-type=\"page\">\n\t\t\t\t\t\t<section class=\"elementor-section elementor-top-section elementor-element elementor-element-59552ff elementor-section-boxed elementor-section-height-default elementor-section-height-default\" data-id=\"59552ff\" data-element_type=\"section\" data-e-type=\"section\">\n\t\t\t\t\t\t<div class=\"elementor-container elementor-column-gap-default\">\n\t\t\t\t\t<div class=\"elementor-column elementor-col-100 elementor-top-column elementor-element elementor-element-e486066\" data-id=\"e486066\" data-element_type=\"column\" data-e-type=\"column\">\n\t\t\t<div class=\"elementor-widget-wrap elementor-element-populated\">\n\t\t\t\t\t\t<div class=\"elementor-element elementor-element-705ee59 elementor-widget elementor-widget-text-editor\" data-id=\"705ee59\" data-element_type=\"widget\" data-e-type=\"widget\" data-widget_type=\"text-editor.default\">\n\t\t\t\t<div class=\"elementor-widget-container\">\n\t\t\t\t\t\t\t\t\t<h2 style=\"text-align: center;\">Stainless steel drainage technology starts at FENICROM\u00ae<\/h2>\t\t\t\t\t\t\t\t<\/div>\n\t\t\t\t<\/div>\n\t\t\t\t\t<\/div>\n\t\t<\/div>\n\t\t\t\t\t<\/div>\n\t\t<\/section>\n\t\t\t\t<section class=\"elementor-section elementor-top-section elementor-element elementor-element-cd59ad3 elementor-section-boxed elementor-section-height-default elementor-section-height-default\" data-id=\"cd59ad3\" data-element_type=\"section\" data-e-type=\"section\">\n\t\t\t\t\t\t<div class=\"elementor-container elementor-column-gap-default\">\n\t\t\t\t\t<div class=\"elementor-column elementor-col-100 elementor-top-column elementor-element elementor-element-c21b110\" data-id=\"c21b110\" data-element_type=\"column\" data-e-type=\"column\">\n\t\t\t<div class=\"elementor-widget-wrap elementor-element-populated\">\n\t\t\t\t\t\t<div class=\"elementor-element elementor-element-9ea1d22 elementor-widget elementor-widget-image-carousel\" data-id=\"9ea1d22\" data-element_type=\"widget\" data-e-type=\"widget\" data-settings=\"{&quot;navigation&quot;:&quot;none&quot;,&quot;autoplay&quot;:&quot;yes&quot;,&quot;pause_on_hover&quot;:&quot;yes&quot;,&quot;pause_on_interaction&quot;:&quot;yes&quot;,&quot;autoplay_speed&quot;:5000,&quot;infinite&quot;:&quot;yes&quot;,&quot;speed&quot;:500}\" data-widget_type=\"image-carousel.default\">\n\t\t\t\t<div class=\"elementor-widget-container\">\n\t\t\t\t\t\t\t<div class=\"elementor-image-carousel-wrapper swiper\" role=\"region\" aria-roledescription=\"carousel\" aria-label=\"Image Carousel\" dir=\"ltr\">\n\t\t\t<div class=\"elementor-image-carousel swiper-wrapper\" aria-live=\"off\">\n\t\t\t\t\t\t\t\t<div class=\"swiper-slide\" role=\"group\" aria-roledescription=\"slide\" aria-label=\"1 of 8\"><figure class=\"swiper-slide-inner\"><img decoding=\"async\" class=\"swiper-slide-image\" src=\"https:\/\/saudi-stainless-drains.com\/sa\/wp-content\/uploads\/2024\/10\/Stainless-Steel-Floor-drain-TDAG-square-isolated-heavy-duty-insulated-with-vertical-outlet-inox-Kingdom-of-Saudi-Arabia-300x240.png\" alt=\"Stainless Steel Floor drain TDAG square isolated heavy duty insulated with vertical outlet inox Kingdom of Saudi Arabia\" \/><\/figure><\/div><div class=\"swiper-slide\" role=\"group\" aria-roledescription=\"slide\" aria-label=\"2 of 8\"><figure class=\"swiper-slide-inner\"><img decoding=\"async\" class=\"swiper-slide-image\" src=\"https:\/\/saudi-stainless-drains.com\/sa\/wp-content\/uploads\/2024\/11\/Stainless-Steel-Trench-Drain-Inox-Kingdom-of-Saudi-Arabia-300x240.png\" alt=\"Stainless steel trench drain inox Kingdom of Saudi Arabia\" \/><\/figure><\/div><div class=\"swiper-slide\" role=\"group\" aria-roledescription=\"slide\" aria-label=\"3 of 8\"><figure class=\"swiper-slide-inner\"><img decoding=\"async\" class=\"swiper-slide-image\" src=\"https:\/\/saudi-stainless-drains.com\/sa\/wp-content\/uploads\/2024\/11\/Stainless-Steel-Slot-Drain-inox-Kingdom-of-Saudi-Arabia-300x240.png\" alt=\"Stainless Steel Slot Drain Inox Kingdom of Saudi Arabia\" \/><\/figure><\/div><div class=\"swiper-slide\" role=\"group\" aria-roledescription=\"slide\" aria-label=\"4 of 8\"><figure class=\"swiper-slide-inner\"><img decoding=\"async\" class=\"swiper-slide-image\" src=\"https:\/\/saudi-stainless-drains.com\/sa\/wp-content\/uploads\/2024\/11\/Stainless-steel-modular-channel-Inox-Kingdom-of-Saudi-Arabia-300x240.png\" alt=\"Stainless steel-modular channel Inox Kingdom of Saudi Arabia\" \/><\/figure><\/div><div class=\"swiper-slide\" role=\"group\" aria-roledescription=\"slide\" aria-label=\"5 of 8\"><figure class=\"swiper-slide-inner\"><img decoding=\"async\" class=\"swiper-slide-image\" src=\"https:\/\/saudi-stainless-drains.com\/sa\/wp-content\/uploads\/2024\/11\/Stainless-Steel-Gratings-Inox-Kingdom-of-Saudi-Arabia-300x240.png\" alt=\"Stainless-Steel-Gratings-Inox-Kingdom-of-Saudi-Arabia\" \/><\/figure><\/div><div class=\"swiper-slide\" role=\"group\" aria-roledescription=\"slide\" aria-label=\"6 of 8\"><figure class=\"swiper-slide-inner\"><img decoding=\"async\" class=\"swiper-slide-image\" src=\"https:\/\/saudi-stainless-drains.com\/sa\/wp-content\/uploads\/2024\/11\/Stainless-Steel-Shower-Drain-Inox-Kingdom-of-Saudi-Arabia.png\" alt=\"Stainless Steel Shower Drain Inox Kingdom of Saudi Arabia\" \/><\/figure><\/div><div class=\"swiper-slide\" role=\"group\" aria-roledescription=\"slide\" aria-label=\"7 of 8\"><figure class=\"swiper-slide-inner\"><img decoding=\"async\" class=\"swiper-slide-image\" src=\"https:\/\/saudi-stainless-drains.com\/sa\/wp-content\/uploads\/2024\/11\/Stainless-Steel-Specials-Inox-Kingdom-of-Saudi-Arabia-300x240.png\" alt=\"Stainless Steel Specials Inox Kingdom of Saudi Arabia\" \/><\/figure><\/div><div class=\"swiper-slide\" role=\"group\" aria-roledescription=\"slide\" aria-label=\"8 of 8\"><figure class=\"swiper-slide-inner\"><img decoding=\"async\" class=\"swiper-slide-image\" src=\"https:\/\/saudi-stainless-drains.com\/sa\/wp-content\/uploads\/2024\/11\/Stainless-Steel-Wall-Protection-Inox-Kingdom-of-Saudi-Arabia-300x240.png\" alt=\"Stainless Steel Wall Protection Inox Kingdom of Saudi Arabia\" \/><\/figure><\/div>\t\t\t<\/div>\n\t\t\t\t\t\t\t\n\t\t\t\t\t\t\t\t\t<\/div>\n\t\t\t\t\t\t<\/div>\n\t\t\t\t<\/div>\n\t\t\t\t\t<\/div>\n\t\t<\/div>\n\t\t\t\t\t<\/div>\n\t\t<\/section>\n\t\t\t\t<section class=\"elementor-section elementor-top-section elementor-element elementor-element-3e97d6b elementor-section-boxed elementor-section-height-default elementor-section-height-default\" data-id=\"3e97d6b\" data-element_type=\"section\" data-e-type=\"section\">\n\t\t\t\t\t\t<div class=\"elementor-container elementor-column-gap-default\">\n\t\t\t\t\t<div class=\"elementor-column elementor-col-50 elementor-top-column elementor-element elementor-element-ba0aac4\" data-id=\"ba0aac4\" data-element_type=\"column\" data-e-type=\"column\">\n\t\t\t<div class=\"elementor-widget-wrap elementor-element-populated\">\n\t\t\t\t\t\t<div class=\"elementor-element elementor-element-c84f509 elementor-widget elementor-widget-text-editor\" data-id=\"c84f509\" data-element_type=\"widget\" data-e-type=\"widget\" data-widget_type=\"text-editor.default\">\n\t\t\t\t<div class=\"elementor-widget-container\">\n\t\t\t\t\t\t\t\t\t<p><strong>The Fenicrom\u00ae program includes, amongst others:<\/strong><\/p>\n<ul>\n<li>Stainless steel trench drains<\/li>\n<li>Stainless steel floor drains<\/li>\n<li>Stainless steel slot drains<\/li>\n<li>Stainless steel modular drain channels<\/li>\n<li>Stainless steel gratings<\/li>\n<li>Stainless steel waste water grease and fuel separators<\/li>\n<li>Stainless steel shower drains<\/li>\n<li>Stainless steel drain gratings<\/li>\n<li>Stainless steel hygiene products for industrial kitchens<\/li>\n<li>Stainless steel wall protection<\/li>\n<li>Stainless steel floor grating<\/li>\n<li>Stainless steel grill<\/li>\n<\/ul>\t\t\t\t\t\t\t\t<\/div>\n\t\t\t\t<\/div>\n\t\t\t\t\t<\/div>\n\t\t<\/div>\n\t\t\t\t<div class=\"elementor-column elementor-col-50 elementor-top-column elementor-element elementor-element-e149592\" data-id=\"e149592\" data-element_type=\"column\" data-e-type=\"column\">\n\t\t\t<div class=\"elementor-widget-wrap elementor-element-populated\">\n\t\t\t\t\t\t<div class=\"elementor-element elementor-element-d78d43f elementor-widget elementor-widget-image\" data-id=\"d78d43f\" data-element_type=\"widget\" data-e-type=\"widget\" data-widget_type=\"image.default\">\n\t\t\t\t<div class=\"elementor-widget-container\">\n\t\t\t\t\t\t\t\t\t\t\t\t\t\t\t<img fetchpriority=\"high\" decoding=\"async\" width=\"300\" height=\"240\" src=\"https:\/\/saudi-stainless-drains.com\/sa\/wp-content\/uploads\/2024\/11\/Stainless-Steel-Floor-Drain-Kingdom-of-Saudi-Arabia-300x240.png\" class=\"attachment-medium size-medium wp-image-13938\" alt=\"\" srcset=\"https:\/\/saudi-stainless-drains.com\/sa\/wp-content\/uploads\/2024\/11\/Stainless-Steel-Floor-Drain-Kingdom-of-Saudi-Arabia-300x240.png 300w, https:\/\/saudi-stainless-drains.com\/sa\/wp-content\/uploads\/2024\/11\/Stainless-Steel-Floor-Drain-Kingdom-of-Saudi-Arabia-600x480.png 600w, https:\/\/saudi-stainless-drains.com\/sa\/wp-content\/uploads\/2024\/11\/Stainless-Steel-Floor-Drain-Kingdom-of-Saudi-Arabia-1024x819.png 1024w, https:\/\/saudi-stainless-drains.com\/sa\/wp-content\/uploads\/2024\/11\/Stainless-Steel-Floor-Drain-Kingdom-of-Saudi-Arabia-768x614.png 768w, https:\/\/saudi-stainless-drains.com\/sa\/wp-content\/uploads\/2024\/11\/Stainless-Steel-Floor-Drain-Kingdom-of-Saudi-Arabia-1536x1229.png 1536w, https:\/\/saudi-stainless-drains.com\/sa\/wp-content\/uploads\/2024\/11\/Stainless-Steel-Floor-Drain-Kingdom-of-Saudi-Arabia-2048x1638.png 2048w\" sizes=\"(max-width: 300px) 100vw, 300px\" \/>\t\t\t\t\t\t\t\t\t\t\t\t\t\t\t<\/div>\n\t\t\t\t<\/div>\n\t\t\t\t\t<\/div>\n\t\t<\/div>\n\t\t\t\t\t<\/div>\n\t\t<\/section>\n\t\t\t\t<section class=\"elementor-section elementor-top-section elementor-element elementor-element-e121095 elementor-section-boxed elementor-section-height-default elementor-section-height-default\" data-id=\"e121095\" data-element_type=\"section\" data-e-type=\"section\">\n\t\t\t\t\t\t<div class=\"elementor-container elementor-column-gap-default\">\n\t\t\t\t\t<div class=\"elementor-column elementor-col-100 elementor-top-column elementor-element elementor-element-b4acfc0\" data-id=\"b4acfc0\" data-element_type=\"column\" data-e-type=\"column\">\n\t\t\t<div class=\"elementor-widget-wrap elementor-element-populated\">\n\t\t\t\t\t\t<div class=\"elementor-element elementor-element-5fd0dc1 elementor-widget elementor-widget-text-editor\" data-id=\"5fd0dc1\" data-element_type=\"widget\" data-e-type=\"widget\" data-widget_type=\"text-editor.default\">\n\t\t\t\t<div class=\"elementor-widget-container\">\n\t\t\t\t\t\t\t\t\t<p><strong>Fenicrom\u00ae<\/strong> produces and delivers high-quality custom work in stainless steel drainage technology. Our stainless steel products are manufactured in our own factory and meet the highest quality standards. All products are submerged in a special bath and become acid pickled internally and externally. The pickling effectively removes all impurities from the surface of the steel. After high pressure cleaning with cold water a strong, uniform chromium oxide film is reestablished. Passivation of the products is the final stage to create a clean and corrosion protected steel surface.<\/p><p>We have a complete program for all drainage techniques.<\/p><p>Customization is mainly provided for modular channels. However customization is possible for every system. In this way the optimum drainage system is delivered for all specific requirements. Fenicrom\u00ae has a specialized team that can do the placement and installation of channels and wall protection for you. We are happy to advise you on the proper application of drainage within your company and glad to visit you to discuss the details. Fenicrom\u00ae advises and assists in all development phases of your industrial drainage systems, from design to installation.<\/p><p>Fenicrom hygienic drainage uses stainless steel to fulfil the strongest hygienic requirements to prevent bacterial contamination. We apply hygienic design principles reserved for food processing equipment to the commercial kitchen and restaurant floor drain design.<\/p><p>\u00a0<\/p><p><b>Our company distinguishes itself by:<\/b><\/p><ul><li>Specialization in drainage systems and industrial equipment from stainless steel<\/li><li>High quality<\/li><li>Wide standard range<\/li><li>Project and customization at competitive prices<\/li><li>Creativity and expertise in developing new products<\/li><li>Fast delivery<\/li><li>Outstanding service<\/li><li>Assembly and installation by our own team<\/li><\/ul><p><b>Applicability:<\/b><br \/>Fenicrom\u00ae RVS Afvoergoten B.V. supplies high-quality stainless steel products of the brand Fenicrom\u00ae for applications in the food and beverage industry, breweries, swimming pools, catering, hotel industry, industrial kitchens. Also for applications in the non-residential buildings, chemical and pharmaceutical industry. Fenicrom\u00ae delivers tailor-made products from our own factory, standard sizes are in stock so delivery time is short.<\/p><p>Well-treated stainless steel products are easy to clean and guarantee hygiene, preventing the development of bacteria. Also ask for our Fenicrom\u00ae flushing system for easy cleaning of your channels.<\/p><p>Fenicrom\u00ae products are made entirely from 18 \/ 8Cr \/ Ni (quality: AISI 304 or 316). All products range from light to heavy industrial use. Standard equipped with tools for easy assembly and adjustment.<\/p><p><b>Our products are manufactured according to standards and guidelines of:<\/b><br \/>T\u00dcV, ISO: 9001-2008, NEN-EN 1253, NEN-EN 1433, NEN-EN 124 and NEN-EN 1825<\/p><p><b>Delivery:<\/b> We supply our Fenicrom\u00ae stainless steel products worldwide. Ask for advice and a quote without any obligation at phone number +966(0)503211065<span style=\"color: var( --e-global-color-text ); font-family: var( --e-global-typography-text-font-family ); font-weight: var( --e-global-typography-text-font-weight );\">\u00a0or send a mail to \u00a0<a href=\"mailto:info@saudi-stainless-drains.com\">info@saudi-stainless-drains.com<\/a><\/span><span style=\"color: var( --e-global-color-text ); font-family: var( --e-global-typography-text-font-family ); font-weight: var( --e-global-typography-text-font-weight );\">\u00a0. We are happy to provide information about our complete package. I.e. surveying, customization and installation of stainless steel drainage channels, slot drains, trench channels etc.<\/span><\/p>\t\t\t\t\t\t\t\t<\/div>\n\t\t\t\t<\/div>\n\t\t\t\t\t<\/div>\n\t\t<\/div>\n\t\t\t\t\t<\/div>\n\t\t<\/section>\n\t\t\t\t<\/div>\n\t\t","protected":false},"excerpt":{"rendered":"<p>Stainless steel drainage technology starts at FENICROM\u00ae<br \/>\nINYD 3AG<br \/>\nSPK-KAG+2<br \/>\nTMP OAG<br \/>\nThe Fenicrom\u00ae program includes, amongst others:<\/p>\n<p>Stainless steel trench drains<br \/>\nStainless steel floor drains<br \/>\nStainless steel slot drains<br \/>\nModular stainless steel channels<br \/>\nStainless steel gratings<br \/>\nStainless steel waste water grease and fuel separators<br \/>\nStainless steel shower drains<br \/>\nStainless steel drain gratings<br \/>\nStainless steel hygiene products for industrial kitchens<br \/>\nStainless steel wall protection<br \/>\nStainless steel floor grating<br \/>\nStainless steel grill<br \/>\nAfvoerputten<br \/>\nFenicrom\u00ae produces and delivers high-quality custom work in stainless steel drainage technology. Our stainless steel products are manufactured in our own factory and meet the highest quality standards. All products are submerged in a special bath and become acid pickled internally and externally. The pickling effectively removes all impurities from the surface of the steel. After high pressure cleaning with cold water a strong, uniform chromium oxide film is reestablished. Passivation of the products is the final stage to create a clean and corrosion protected steel surface.<\/p>\n<p>We have a complete program for all drainage techniques.<\/p>\n<p>Customization is mainly provided for modular channels. However customization is possible for every system. In this way the optimum drainage system is delivered for all specific requirements. Fenicrom\u00ae has a specialized team that can do the placement and installation of channels and wall protection for you. We are happy to advise you on the proper application of drainage within your company and glad to visit you to discuss the details. Fenicrom\u00ae advises and assists in all development phases of your industrial drainage systems, from design to installation.<\/p>\n<p>Our company distinguishes itself by:<\/p>\n<p>Specialization in drainage systems and industrial equipment from stainless steel<br \/>\nHigh quality<br \/>\nWide standard range<br \/>\nProject and customization at competitive prices<br \/>\nCreativity and expertise in developing new products<br \/>\nFast delivery<br \/>\nOutstanding service<br \/>\nAssembly and installation by our own team<br \/>\nApplicability:<br \/>\nFENICROM DRAIN SAN. T\u0130C. LTD. \u015eT\u0130 supplies high-quality stainless steel products of the brand Fenicrom\u00ae for applications in the food and beverage industry, breweries, swimming pools, catering, hotel industry, industrial kitchens. Also for applications in the non-residential buildings, chemical and pharmaceutical industry. Fenicrom\u00ae delivers tailor-made products from our own factory, standard sizes are in stock so delivery time is short.<\/p>\n<p>Well-treated stainless steel products are easy to clean and guarantee hygiene, preventing the development of bacteria. Also ask for our Fenicrom\u00ae flushing system for easy cleaning of your channels.<\/p>\n<p>Fenicrom\u00ae products are made entirely from 18 \/ 8Cr \/ Ni (quality: AISI 304 or 316). All products range from light to heavy industrial use. Standard equipped with tools for easy assembly and adjustment.<\/p>\n<p>Our products are manufactured according to standards and guidelines of:<br \/>\nT\u00dcV, ISO: 9001-2008, NEN-EN 1253, NEN-EN 1433, NEN-EN 124 and NEN-EN 1825<\/p>\n<p>Delivery: We supply our Fenicrom\u00ae stainless steel products worldwide. Ask for advice and a quote without any obligation at phone number +31 299 671237 or send a mail to  info@saudi-stainless-drains.com . We are happy to provide information about our complete package. I.e. surveying, customization and installation of stainless steel drainage channels, slot drains, trench channels etc.<\/p>\n","protected":false},"author":1,"featured_media":0,"parent":0,"menu_order":0,"comment_status":"closed","ping_status":"closed","template":"elementor_header_footer","meta":{"_monsterinsights_skip_tracking":false,"_monsterinsights_sitenote_active":false,"_monsterinsights_sitenote_note":"","_monsterinsights_sitenote_category":0,"footnotes":""},"class_list":["post-10086","page","type-page","status-publish","hentry"],"_links":{"self":[{"href":"https:\/\/saudi-stainless-drains.com\/sa\/wp-json\/wp\/v2\/pages\/10086","targetHints":{"allow":["GET"]}}],"collection":[{"href":"https:\/\/saudi-stainless-drains.com\/sa\/wp-json\/wp\/v2\/pages"}],"about":[{"href":"https:\/\/saudi-stainless-drains.com\/sa\/wp-json\/wp\/v2\/types\/page"}],"author":[{"embeddable":true,"href":"https:\/\/saudi-stainless-drains.com\/sa\/wp-json\/wp\/v2\/users\/1"}],"replies":[{"embeddable":true,"href":"https:\/\/saudi-stainless-drains.com\/sa\/wp-json\/wp\/v2\/comments?post=10086"}],"version-history":[{"count":15,"href":"https:\/\/saudi-stainless-drains.com\/sa\/wp-json\/wp\/v2\/pages\/10086\/revisions"}],"predecessor-version":[{"id":14241,"href":"https:\/\/saudi-stainless-drains.com\/sa\/wp-json\/wp\/v2\/pages\/10086\/revisions\/14241"}],"wp:attachment":[{"href":"https:\/\/saudi-stainless-drains.com\/sa\/wp-json\/wp\/v2\/media?parent=10086"}],"curies":[{"name":"wp","href":"https:\/\/api.w.org\/{rel}","templated":true}]}}